{"id":4217,"date":"2017-09-25T22:23:43","date_gmt":"2017-09-25T20:23:43","guid":{"rendered":"http:\/\/tonspur.weblog.mur.at\/?page_id=4217"},"modified":"2017-09-25T22:24:17","modified_gmt":"2017-09-25T20:24:17","slug":"waves-vienna","status":"publish","type":"page","link":"https:\/\/tonspur.mur.at\/?page_id=4217","title":{"rendered":"WAVES VIENNA"},"content":{"rendered":"<p>Das Waves Vienna ein Musikfestival dass sich als Club- und Showcase-Festival konzipiert hat. Als Showcase-Festival soll im besonderen noch wenig bzw. eher regional bekannten Bands und Musikern die Chance bieten, ein gr\u00f6\u00dferes Publikum zu erreichen und \u00fcber Genre- bzw. die jeweiligen Landesgrenzen hinaus bekannt zu werden. Parallel zu den Konzerten finden im Rahmen der <i>Waves Vienna Music Conference<\/i> Vortr\u00e4ge, Diskussionen und Workshops statt um innerhalb der &#8220;Music Industry&#8221; Netzwerke und Austausch f\u00fcr Musiker*innen international wie national zu erm\u00f6glichen.<\/p>\n<p><strong>Interview mit Festival-Gr\u00fcnder Thomas Heher<\/strong><\/p>\n<!--[if lt IE 9]><script>document.createElement('audio');<\/script><![endif]-->\n<audio class=\"wp-audio-shortcode\" id=\"audio-4217-1\" preload=\"none\" style=\"width: 100%;\" controls=\"controls\"><source type=\"audio\/mpeg\" src=\"http:\/\/tonspur.weblog.mur.at\/tonspur\/uploads\/2017\/09\/Interview-Waves-Festival.mp3?_=1\" \/><a href=\"http:\/\/tonspur.weblog.mur.at\/tonspur\/uploads\/2017\/09\/Interview-Waves-Festival.mp3\">http:\/\/tonspur.weblog.mur.at\/tonspur\/uploads\/2017\/09\/Interview-Waves-Festival.mp3<\/a><\/audio>\n<p class=\"wp-flattr-button\"><\/p>","protected":false},"excerpt":{"rendered":"<p>Das Waves Vienna ein Musikfestival dass sich als Club- und Showcase-Festival konzipiert hat. Als Showcase-Festival soll im besonderen noch wenig bzw. eher regional bekannten Bands und Musikern die Chance bieten, ein gr\u00f6\u00dferes Publikum zu erreichen und \u00fcber Genre- bzw. die&#8230;<\/p>\n","protected":false},"author":1,"featured_media":0,"parent":0,"menu_order":0,"comment_status":"closed","ping_status":"closed","template":"","meta":{"footnotes":""},"_links":{"self":[{"href":"https:\/\/tonspur.mur.at\/index.php?rest_route=\/wp\/v2\/pages\/4217"}],"collection":[{"href":"https:\/\/tonspur.mur.at\/index.php?rest_route=\/wp\/v2\/pages"}],"about":[{"href":"https:\/\/tonspur.mur.at\/index.php?rest_route=\/wp\/v2\/types\/page"}],"author":[{"embeddable":true,"href":"https:\/\/tonspur.mur.at\/index.php?rest_route=\/wp\/v2\/users\/1"}],"replies":[{"embeddable":true,"href":"https:\/\/tonspur.mur.at\/index.php?rest_route=%2Fwp%2Fv2%2Fcomments&post=4217"}],"version-history":[{"count":3,"href":"https:\/\/tonspur.mur.at\/index.php?rest_route=\/wp\/v2\/pages\/4217\/revisions"}],"predecessor-version":[{"id":4221,"href":"https:\/\/tonspur.mur.at\/index.php?rest_route=\/wp\/v2\/pages\/4217\/revisions\/4221"}],"wp:attachment":[{"href":"https:\/\/tonspur.mur.at\/index.php?rest_route=%2Fwp%2Fv2%2Fmedia&parent=4217"}],"curies":[{"name":"wp","href":"https:\/\/api.w.org\/{rel}","templated":true}]}}