{"id":3214,"date":"2013-06-11T01:09:01","date_gmt":"2013-06-10T23:09:01","guid":{"rendered":"http:\/\/tonspur.weblog.mur.at\/?page_id=3214"},"modified":"2013-06-11T01:09:01","modified_gmt":"2013-06-10T23:09:01","slug":"dockville-festival","status":"publish","type":"page","link":"https:\/\/tonspur.mur.at\/?page_id=3214","title":{"rendered":"Dockville Festival"},"content":{"rendered":"<h2>Dockville Festival<\/h2>\n<p>Sendung Tonspur hatte Jean (Chef von der \u00d6ffentlichkeitsarbeit des Dockville Festivals) vorm Mikrophon um Einblicke und Ausblicke des Festivals zu er\u00f6rtern. Vor allem hat das Dockville Festival ein besonderes Rahmenprogramm das L\u00fcttville. Dieses ist ein Programm speziell f\u00fcr Kinder aus der Region Wilhelmsburg, das nicht gerade zu den beg\u00fctesten Stadtteilen Hamburgs z\u00e4hlt. Viel mehr und weitere Details folgen sofort im Interview \ud83d\ude42<\/p>\n<p><a href=\"http:\/\/tonspur.weblog.mur.at\/tonspur\/uploads\/2013\/04\/dockville_jean.mp3\">Interview &#8211; Dockville Festival<\/a><\/p>\n<p>Link zum Festival:<\/p>\n<p><a href=\"http:\/\/www.dockville.de\/\" target=\"_blank\">http:\/\/www.dockville.de\/<\/a><\/p>\n<p class=\"wp-flattr-button\"><\/p>","protected":false},"excerpt":{"rendered":"<p>Dockville Festival Sendung Tonspur hatte Jean (Chef von der \u00d6ffentlichkeitsarbeit des Dockville Festivals) vorm Mikrophon um Einblicke und Ausblicke des Festivals zu er\u00f6rtern. Vor allem hat das Dockville Festival ein besonderes Rahmenprogramm das L\u00fcttville. Dieses ist ein Programm speziell f\u00fcr&#8230;<\/p>\n","protected":false},"author":1,"featured_media":0,"parent":0,"menu_order":0,"comment_status":"open","ping_status":"open","template":"","meta":{"footnotes":""},"_links":{"self":[{"href":"https:\/\/tonspur.mur.at\/index.php?rest_route=\/wp\/v2\/pages\/3214"}],"collection":[{"href":"https:\/\/tonspur.mur.at\/index.php?rest_route=\/wp\/v2\/pages"}],"about":[{"href":"https:\/\/tonspur.mur.at\/index.php?rest_route=\/wp\/v2\/types\/page"}],"author":[{"embeddable":true,"href":"https:\/\/tonspur.mur.at\/index.php?rest_route=\/wp\/v2\/users\/1"}],"replies":[{"embeddable":true,"href":"https:\/\/tonspur.mur.at\/index.php?rest_route=%2Fwp%2Fv2%2Fcomments&post=3214"}],"version-history":[{"count":0,"href":"https:\/\/tonspur.mur.at\/index.php?rest_route=\/wp\/v2\/pages\/3214\/revisions"}],"wp:attachment":[{"href":"https:\/\/tonspur.mur.at\/index.php?rest_route=%2Fwp%2Fv2%2Fmedia&parent=3214"}],"curies":[{"name":"wp","href":"https:\/\/api.w.org\/{rel}","templated":true}]}}