{"id":3209,"date":"2013-06-11T01:07:00","date_gmt":"2013-06-10T23:07:00","guid":{"rendered":"http:\/\/tonspur.weblog.mur.at\/?page_id=3209"},"modified":"2013-06-11T01:07:00","modified_gmt":"2013-06-10T23:07:00","slug":"acoustic-lakeside-festival","status":"publish","type":"page","link":"https:\/\/tonspur.mur.at\/?page_id=3209","title":{"rendered":"Acoustic Lakeside Festival"},"content":{"rendered":"<h2>Acoustic Lakeside (Festival)<\/h2>\n<p>Im K\u00e4rnten tut sich was,\u00a0 nun ja dieser Satz ist ja nicht immer mit positiven Momenten behaftet. Jedoch im Falle eines kleinen Festivals am Sonnegger See ist diese Feststellung berechtigt. Seit ein paar Jahren bem\u00fcht sich das Festival sich fernab von Masse auf die Qualit\u00e4t von Akustischen Momenten, soweit es m\u00f6glich ist ohne Verst\u00e4rker, zu pr\u00e4sentieren.<\/p>\n<p><a href=\"http:\/\/tonspur.weblog.mur.at\/tonspur\/uploads\/2013\/04\/acousticlakeside.mp3\">Interview &#8211; Acoustic Lakeside<\/a><\/p>\n<p>n\u00e4here Infos unter:<\/p>\n<p><a href=\"http:\/\/www.facebook.com\/pages\/Acoustic-Lakeside\/156246688316\" target=\"_blank\">http:\/\/www.facebook.com\/pages\/Acoustic-Lakeside\/<\/a><\/p>\n<p><a href=\"http:\/\/www.sauermachtlustig.com\/lakeside\/\" target=\"_blank\">http:\/\/www.sauermachtlustig.com\/lakeside\/<\/a><\/p>\n<p class=\"wp-flattr-button\"><\/p>","protected":false},"excerpt":{"rendered":"<p>Acoustic Lakeside (Festival) Im K\u00e4rnten tut sich was,\u00a0 nun ja dieser Satz ist ja nicht immer mit positiven Momenten behaftet. Jedoch im Falle eines kleinen Festivals am Sonnegger See ist diese Feststellung berechtigt. Seit ein paar Jahren bem\u00fcht sich das&#8230;<\/p>\n","protected":false},"author":1,"featured_media":0,"parent":0,"menu_order":0,"comment_status":"open","ping_status":"open","template":"","meta":{"footnotes":""},"_links":{"self":[{"href":"https:\/\/tonspur.mur.at\/index.php?rest_route=\/wp\/v2\/pages\/3209"}],"collection":[{"href":"https:\/\/tonspur.mur.at\/index.php?rest_route=\/wp\/v2\/pages"}],"about":[{"href":"https:\/\/tonspur.mur.at\/index.php?rest_route=\/wp\/v2\/types\/page"}],"author":[{"embeddable":true,"href":"https:\/\/tonspur.mur.at\/index.php?rest_route=\/wp\/v2\/users\/1"}],"replies":[{"embeddable":true,"href":"https:\/\/tonspur.mur.at\/index.php?rest_route=%2Fwp%2Fv2%2Fcomments&post=3209"}],"version-history":[{"count":0,"href":"https:\/\/tonspur.mur.at\/index.php?rest_route=\/wp\/v2\/pages\/3209\/revisions"}],"wp:attachment":[{"href":"https:\/\/tonspur.mur.at\/index.php?rest_route=%2Fwp%2Fv2%2Fmedia&parent=3209"}],"curies":[{"name":"wp","href":"https:\/\/api.w.org\/{rel}","templated":true}]}}