{"id":3208,"date":"2013-06-11T01:06:25","date_gmt":"2013-06-10T23:06:25","guid":{"rendered":"http:\/\/tonspur.weblog.mur.at\/?page_id=3208"},"modified":"2013-06-11T01:06:25","modified_gmt":"2013-06-10T23:06:25","slug":"kopf-und-gebeine","status":"publish","type":"page","link":"https:\/\/tonspur.mur.at\/?page_id=3208","title":{"rendered":"Kopf und Gebeine"},"content":{"rendered":"<h2>\u00a0(Veranstalter)<\/h2>\n<p>Eine junge engagierte Truppe (Dunstkreis &#8211; Dockville Festival) organisiert seit einiger Zeit in Hamburg feine kleine Konzert, haupts\u00e4chlich im alten neuen Indra. Das Interview wurde anl\u00e4sslich des Album Relases von den Sternen zu Ihrem neuen Album durchgef\u00fchrt.<\/p>\n<p><a href=\"http:\/\/tonspur.weblog.mur.at\/tonspur\/uploads\/2013\/04\/kopfundgebeine.mp3\">Interview &#8211; Kopf und Gebeine<\/a><\/p>\n<p>n\u00e4here Infos unter:<\/p>\n<p><a href=\"http:\/\/www.myspace.com\/kopfundgebeine\" target=\"_self\">http:\/\/www.myspace.com\/kopfundgebeine<\/a><\/p>\n<p><a href=\"http:\/\/de-de.facebook.com\/pages\/Hamburg\/Kopf-und-Gebeine\/237879696664\">http:\/\/de-de.facebook.com\/pages\/Hamburg\/Kopf-und-Gebeine<\/a><\/p>\n<p class=\"wp-flattr-button\"><\/p>","protected":false},"excerpt":{"rendered":"<p>\u00a0(Veranstalter) Eine junge engagierte Truppe (Dunstkreis &#8211; Dockville Festival) organisiert seit einiger Zeit in Hamburg feine kleine Konzert, haupts\u00e4chlich im alten neuen Indra. Das Interview wurde anl\u00e4sslich des Album Relases von den Sternen zu Ihrem neuen Album durchgef\u00fchrt. Interview &#8211;&#8230;<\/p>\n","protected":false},"author":1,"featured_media":0,"parent":0,"menu_order":0,"comment_status":"open","ping_status":"open","template":"","meta":{"footnotes":""},"_links":{"self":[{"href":"https:\/\/tonspur.mur.at\/index.php?rest_route=\/wp\/v2\/pages\/3208"}],"collection":[{"href":"https:\/\/tonspur.mur.at\/index.php?rest_route=\/wp\/v2\/pages"}],"about":[{"href":"https:\/\/tonspur.mur.at\/index.php?rest_route=\/wp\/v2\/types\/page"}],"author":[{"embeddable":true,"href":"https:\/\/tonspur.mur.at\/index.php?rest_route=\/wp\/v2\/users\/1"}],"replies":[{"embeddable":true,"href":"https:\/\/tonspur.mur.at\/index.php?rest_route=%2Fwp%2Fv2%2Fcomments&post=3208"}],"version-history":[{"count":0,"href":"https:\/\/tonspur.mur.at\/index.php?rest_route=\/wp\/v2\/pages\/3208\/revisions"}],"wp:attachment":[{"href":"https:\/\/tonspur.mur.at\/index.php?rest_route=%2Fwp%2Fv2%2Fmedia&parent=3208"}],"curies":[{"name":"wp","href":"https:\/\/api.w.org\/{rel}","templated":true}]}}