{"id":1548,"date":"2012-05-21T21:01:54","date_gmt":"2012-05-21T20:01:54","guid":{"rendered":"http:\/\/sendungtonspur.wordpress.com\/?page_id=1287"},"modified":"2015-04-24T22:53:37","modified_gmt":"2015-04-24T20:53:37","slug":"anders-gehort-musik","status":"publish","type":"page","link":"https:\/\/tonspur.mur.at\/?page_id=1548","title":{"rendered":"geh\u00f6rt\/musik"},"content":{"rendered":"<h2>Pop Fest Wien<\/h2>\n<h2><a title=\"Pop Fest Wien\" href=\"http:\/\/tonspur.weblog.mur.at\/?page_id=3201\"><img loading=\"lazy\" decoding=\"async\" class=\"wp-image-1419 alignleft\" title=\"popfest12_intro-master-ach_key-image_ohne_\" src=\"http:\/\/tonspur.weblog.mur.at\/tonspur\/uploads\/2012\/08\/popfest12_intro-master-ach_key-image_ohne_.jpg\" alt=\"\" width=\"374\" height=\"356\" srcset=\"https:\/\/tonspur.mur.at\/wp-content\/uploads\/2012\/08\/popfest12_intro-master-ach_key-image_ohne_.jpg 534w, https:\/\/tonspur.mur.at\/wp-content\/uploads\/2012\/08\/popfest12_intro-master-ach_key-image_ohne_-300x285.jpg 300w\" sizes=\"(max-width: 374px) 100vw, 374px\" \/><\/a><\/h2>\n<h2><\/h2>\n<p>&nbsp;<\/p>\n<p>&nbsp;<\/p>\n<p>&nbsp;<\/p>\n<p>&nbsp;<\/p>\n<p>&nbsp;<\/p>\n<p>&nbsp;<\/p>\n<p>&nbsp;<\/p>\n<p>&nbsp;<\/p>\n<p>&nbsp;<\/p>\n<h2><\/h2>\n<p>&nbsp;<\/p>\n<h2>Roskilde Festival<\/h2>\n<p><img loading=\"lazy\" decoding=\"async\" src=\"http:\/\/upload.wikimedia.org\/wikipedia\/de\/thumb\/8\/86\/Roskilde-Festival_logo.svg\/260px-Roskilde-Festival_logo.svg.png\" alt=\"\" width=\"260\" height=\"188\" \/><\/p>\n<p>&nbsp;<\/p>\n<h2>POP REVO Festival (Aarhus)<\/h2>\n<p class=\"wpview-selection-before\"><a title=\"POP REVO Festival\" href=\"http:\/\/tonspur.weblog.mur.at\/?page_id=3205\"><img loading=\"lazy\" decoding=\"async\" class=\"size-full wp-image-1375\" title=\"75454614\" src=\"http:\/\/tonspur.weblog.mur.at\/tonspur\/uploads\/2012\/07\/75454614.png\" alt=\"\" width=\"252\" height=\"315\" srcset=\"https:\/\/tonspur.mur.at\/wp-content\/uploads\/2012\/07\/75454614.png 252w, https:\/\/tonspur.mur.at\/wp-content\/uploads\/2012\/07\/75454614-240x300.png 240w\" sizes=\"(max-width: 252px) 100vw, 252px\" \/><\/a><\/p>\n<h2>Frost Festival (Copenhagen)<\/h2>\n<h2><a title=\"Frost Festival\" href=\"http:\/\/tonspur.weblog.mur.at\/?page_id=3207\"><img loading=\"lazy\" decoding=\"async\" title=\"frostfestival\" src=\"http:\/\/tonspur.weblog.mur.at\/tonspur\/uploads\/2012\/07\/frostfestival.png?w=261\" alt=\"\" width=\"261\" height=\"300\" \/><\/a><\/h2>\n<!--[if lt IE 9]><script>document.createElement('audio');<\/script><![endif]-->\n<audio class=\"wp-audio-shortcode\" id=\"audio-1548-1\" preload=\"none\" style=\"width: 100%;\" controls=\"controls\"><source type=\"audio\/mpeg\" src=\"http:\/\/tonspur.weblog.mur.at\/tonspur\/uploads\/2013\/04\/Interview-Frost-Festival.mp3?_=1\" \/><a href=\"http:\/\/tonspur.weblog.mur.at\/tonspur\/uploads\/2013\/04\/Interview-Frost-Festival.mp3\">http:\/\/tonspur.weblog.mur.at\/tonspur\/uploads\/2013\/04\/Interview-Frost-Festival.mp3<\/a><\/audio>\n<p>&nbsp;<\/p>\n<h2>Kopf und Gebeine (Veranstalter)<\/h2>\n<p>Eine junge engagierte Truppe (Dunstkreis &#8211; Dockville Festival) organisiert seit einiger Zeit in Hamburg feine kleine Konzert, haupts\u00e4chlich im alten neuen Indra. Das Interview wurde anl\u00e4sslich des Album Relases von den Sternen zu Ihrem neuen Album durchgef\u00fchrt.<\/p>\n<audio class=\"wp-audio-shortcode\" id=\"audio-1548-2\" preload=\"none\" style=\"width: 100%;\" controls=\"controls\"><source type=\"audio\/mpeg\" src=\"http:\/\/tonspur.weblog.mur.at\/tonspur\/uploads\/2013\/04\/kopfundgebeine.mp3?_=2\" \/><a href=\"http:\/\/tonspur.weblog.mur.at\/tonspur\/uploads\/2013\/04\/kopfundgebeine.mp3\">http:\/\/tonspur.weblog.mur.at\/tonspur\/uploads\/2013\/04\/kopfundgebeine.mp3<\/a><\/audio>\n<p>n\u00e4here Infos unter:<\/p>\n<p><a href=\"http:\/\/www.myspace.com\/kopfundgebeine\" target=\"_self\">http:\/\/www.myspace.com\/kopfundgebeine<\/a><\/p>\n<p><a href=\"http:\/\/de-de.facebook.com\/pages\/Hamburg\/Kopf-und-Gebeine\/237879696664\">http:\/\/de-de.facebook.com\/pages\/Hamburg\/Kopf-und-Gebeine<\/a><\/p>\n<h2>Acoustic Lakeside (Festival)<\/h2>\n<p>Im K\u00e4rnten tut sich was,\u00a0 nun ja dieser Satz ist ja nicht immer mit positiven Momenten behaftet. Jedoch im Falle eines kleinen Festivals am Sonnegger See ist diese Feststellung berechtigt. Seit ein paar Jahren bem\u00fcht sich das Festival sich fernab von Masse auf die Qualit\u00e4t von Akustischen Momenten, soweit es m\u00f6glich ist ohne Verst\u00e4rker, zu pr\u00e4sentieren.<\/p>\n<audio class=\"wp-audio-shortcode\" id=\"audio-1548-3\" preload=\"none\" style=\"width: 100%;\" controls=\"controls\"><source type=\"audio\/mpeg\" src=\"http:\/\/tonspur.weblog.mur.at\/tonspur\/uploads\/2013\/04\/acousticlakeside.mp3?_=3\" \/><a href=\"http:\/\/tonspur.weblog.mur.at\/tonspur\/uploads\/2013\/04\/acousticlakeside.mp3\">http:\/\/tonspur.weblog.mur.at\/tonspur\/uploads\/2013\/04\/acousticlakeside.mp3<\/a><\/audio>\n<p>n\u00e4here Infos unter:<\/p>\n<p><a href=\"http:\/\/www.facebook.com\/pages\/Acoustic-Lakeside\/156246688316\" target=\"_blank\">http:\/\/www.facebook.com\/pages\/Acoustic-Lakeside\/<\/a><\/p>\n<p><a href=\"http:\/\/www.sauermachtlustig.com\/lakeside\/\" target=\"_blank\">http:\/\/www.sauermachtlustig.com\/lakeside\/<\/a><\/p>\n<h2>Poolbar Festival<\/h2>\n<p>Das Poolbar Festival ist zu einer Art Institution in der Feldkirch\/Vorarlberg in den letzten Jahren geworden. In den Sommermonate bespielt es im alten Hallenbad mit Musik, Literatur, Diskussion etc. Wie wichtig solch ein Festival ist versuchten wir im Interview auf die Spur zugehen und welche Probleme es auch am Anfang des gesamten Prozesses gab.<\/p>\n<audio class=\"wp-audio-shortcode\" id=\"audio-1548-4\" preload=\"none\" style=\"width: 100%;\" controls=\"controls\"><source type=\"audio\/mpeg\" src=\"http:\/\/tonspur.weblog.mur.at\/tonspur\/uploads\/2013\/04\/poolbarfestival.mp3?_=4\" \/><a href=\"http:\/\/tonspur.weblog.mur.at\/tonspur\/uploads\/2013\/04\/poolbarfestival.mp3\">http:\/\/tonspur.weblog.mur.at\/tonspur\/uploads\/2013\/04\/poolbarfestival.mp3<\/a><\/audio>\n<p>n\u00e4here Infos unter:<\/p>\n<p><a href=\"http:\/\/\/\" target=\"_blank\">http:\/\/poolbar.at\/<\/a><\/p>\n<h2>Club Rechenzentrum<\/h2>\n<p>Die Club Landschaft in Berlin ist sehr divers mal Tourismus mal Underground. Ein vor Monaten noch total unbekannter Club war und ist der Club Rechenzentrum.\u00a0 Hier gibts ein Interview mit dem Besitzer Timo. Viel Vergn\u00fcgen!<\/p>\n<audio class=\"wp-audio-shortcode\" id=\"audio-1548-5\" preload=\"none\" style=\"width: 100%;\" controls=\"controls\"><source type=\"audio\/mpeg\" src=\"http:\/\/tonspur.weblog.mur.at\/tonspur\/uploads\/2013\/04\/rechenzentrum.mp3?_=5\" \/><a href=\"http:\/\/tonspur.weblog.mur.at\/tonspur\/uploads\/2013\/04\/rechenzentrum.mp3\">http:\/\/tonspur.weblog.mur.at\/tonspur\/uploads\/2013\/04\/rechenzentrum.mp3<\/a><\/audio>\n<p>Link zum Club:<\/p>\n<p><a title=\"Club Rechenzentrum\" href=\"http:\/\/www.club-rechenzentrum.de\/evecms\/index.php\" target=\"_blank\">http:\/\/www.club-rechenzentrum.de\/evecms\/index.php<\/a><\/p>\n<h2>Melt! Festival<\/h2>\n<p>Das Melt! Festival gibt es schon seit 12. Ausgaben. Wie sieht die Zukunft aus und was ist noch geplant. Die Fragen beantwortete Dirk V\u00f6ller &#8211; Pressesprecher vom Melt! Festival.<\/p>\n<audio class=\"wp-audio-shortcode\" id=\"audio-1548-6\" preload=\"none\" style=\"width: 100%;\" controls=\"controls\"><source type=\"audio\/mpeg\" src=\"http:\/\/tonspur.weblog.mur.at\/tonspur\/uploads\/2013\/04\/dirkvoellermeltfestival.mp3?_=6\" \/><a href=\"http:\/\/tonspur.weblog.mur.at\/tonspur\/uploads\/2013\/04\/dirkvoellermeltfestival.mp3\">http:\/\/tonspur.weblog.mur.at\/tonspur\/uploads\/2013\/04\/dirkvoellermeltfestival.mp3<\/a><\/audio>\n<p>Link zum Festival:<\/p>\n<p><a title=\"Melt! Festival\" href=\"http:\/\/www.meltfestival.de\/\" target=\"_blank\">http:\/\/www.meltfestival.de\/<\/a><\/p>\n<h2>Volksb\u00fchne (Christoph Gurk)<\/h2>\n<p>Die Volksb\u00fchne hat ein Ausweichquartier in den letzten Monaten gefunden. Ein Teil war vor der Volksb\u00fchne untergebracht und ein weiterer in der Kastanienallee. Die Volksb\u00fchne im Prater bespielt mit einem ambitioniertem Programm das Publikum zu gewinne. Im Gespr\u00e4ch der Programmdirektor f\u00fcr die Sparte Musik, Christoph Gurk (ehemaliger Spex Chefredakteur).<\/p>\n<audio class=\"wp-audio-shortcode\" id=\"audio-1548-7\" preload=\"none\" style=\"width: 100%;\" controls=\"controls\"><source type=\"audio\/mpeg\" src=\"http:\/\/tonspur.weblog.mur.at\/tonspur\/uploads\/2013\/04\/volksbuehne.mp3?_=7\" \/><a href=\"http:\/\/tonspur.weblog.mur.at\/tonspur\/uploads\/2013\/04\/volksbuehne.mp3\">http:\/\/tonspur.weblog.mur.at\/tonspur\/uploads\/2013\/04\/volksbuehne.mp3<\/a><\/audio>\n<p>Link zur Volksb\u00fchne:<\/p>\n<p><a title=\"Interview - Volksb\u00fchne Berlin\" href=\"http:\/\/www.volksbuehne-berlin.de\/\" target=\"_blank\">http:\/\/www.volksbuehne-berlin.de\/<\/a><\/p>\n<h2>Dockville Festival<\/h2>\n<p>Sendung Tonspur hatte Jean (Chef von der \u00d6ffentlichkeitsarbeit des Dockville Festivals) vorm Mikrophon um Einblicke und Ausblicke des Festivals zu er\u00f6rtern. Vor allem hat das Dockville Festival ein besonderes Rahmenprogramm das L\u00fcttville. Dieses ist ein Programm speziell f\u00fcr Kinder aus der Region Wilhelmsburg, das nicht gerade zu den beg\u00fctesten Stadtteilen Hamburgs z\u00e4hlt. Viel mehr und weitere Details folgen sofort im Interview \ud83d\ude42<\/p>\n<audio class=\"wp-audio-shortcode\" id=\"audio-1548-8\" preload=\"none\" style=\"width: 100%;\" controls=\"controls\"><source type=\"audio\/mpeg\" src=\"http:\/\/tonspur.weblog.mur.at\/tonspur\/uploads\/2013\/04\/dockville_jean.mp3?_=8\" \/><a href=\"http:\/\/tonspur.weblog.mur.at\/tonspur\/uploads\/2013\/04\/dockville_jean.mp3\">http:\/\/tonspur.weblog.mur.at\/tonspur\/uploads\/2013\/04\/dockville_jean.mp3<\/a><\/audio>\n<p>Link zum Festival:<\/p>\n<p><a href=\"http:\/\/www.dockville.de\/\" target=\"_blank\">http:\/\/www.dockville.de\/<\/a><\/p>\n<p class=\"wp-flattr-button\"><\/p>","protected":false},"excerpt":{"rendered":"<p>Pop Fest Wien &nbsp; &nbsp; &nbsp; &nbsp; &nbsp; &nbsp; &nbsp; &nbsp; &nbsp; &nbsp; Roskilde Festival &nbsp; POP REVO Festival (Aarhus) Frost Festival (Copenhagen) &nbsp; Kopf und Gebeine (Veranstalter) Eine junge engagierte Truppe (Dunstkreis &#8211; Dockville Festival) organisiert seit einiger Zeit&#8230;<\/p>\n","protected":false},"author":1,"featured_media":0,"parent":0,"menu_order":0,"comment_status":"open","ping_status":"open","template":"","meta":{"footnotes":""},"_links":{"self":[{"href":"https:\/\/tonspur.mur.at\/index.php?rest_route=\/wp\/v2\/pages\/1548"}],"collection":[{"href":"https:\/\/tonspur.mur.at\/index.php?rest_route=\/wp\/v2\/pages"}],"about":[{"href":"https:\/\/tonspur.mur.at\/index.php?rest_route=\/wp\/v2\/types\/page"}],"author":[{"embeddable":true,"href":"https:\/\/tonspur.mur.at\/index.php?rest_route=\/wp\/v2\/users\/1"}],"replies":[{"embeddable":true,"href":"https:\/\/tonspur.mur.at\/index.php?rest_route=%2Fwp%2Fv2%2Fcomments&post=1548"}],"version-history":[{"count":11,"href":"https:\/\/tonspur.mur.at\/index.php?rest_route=\/wp\/v2\/pages\/1548\/revisions"}],"predecessor-version":[{"id":3998,"href":"https:\/\/tonspur.mur.at\/index.php?rest_route=\/wp\/v2\/pages\/1548\/revisions\/3998"}],"wp:attachment":[{"href":"https:\/\/tonspur.mur.at\/index.php?rest_route=%2Fwp%2Fv2%2Fmedia&parent=1548"}],"curies":[{"name":"wp","href":"https:\/\/api.w.org\/{rel}","templated":true}]}}